{"id":269,"date":"2024-04-30T15:39:10","date_gmt":"2024-04-30T15:39:10","guid":{"rendered":"https:\/\/albinasigorta.com.tr\/wp\/?page_id=269"},"modified":"2024-12-05T17:58:51","modified_gmt":"2024-12-05T17:58:51","slug":"seyahat-saglik-sigortasi","status":"publish","type":"page","link":"https:\/\/albinasigorta.com.tr\/?page_id=269","title":{"rendered":"Seyahat Sa\u011fl\u0131k Sigortas\u0131"},"content":{"rendered":"\t\t<div data-elementor-type=\"wp-page\" data-elementor-id=\"269\" class=\"elementor elementor-269\" data-elementor-post-type=\"page\">\n\t\t\t\t<div class=\"elementor-element elementor-element-5830f18 e-con-full e-flex e-con e-parent\" data-id=\"5830f18\" data-element_type=\"container\" data-e-type=\"container\" data-settings=\"{&quot;background_background&quot;:&quot;classic&quot;}\">\n\t\t<div class=\"elementor-element elementor-element-5019351 e-con-full e-flex e-con e-child\" data-id=\"5019351\" data-element_type=\"container\" data-e-type=\"container\">\n\t\t\t\t<div class=\"elementor-element elementor-element-2ab0f65 elementor-widget__width-inherit elementor-widget elementor-widget-heading\" data-id=\"2ab0f65\" data-element_type=\"widget\" data-e-type=\"widget\" data-widget_type=\"heading.default\">\n\t\t\t\t<div class=\"elementor-widget-container\">\n\t\t\t\t\t<h2 class=\"elementor-heading-title elementor-size-default\">Seyahat Sa\u011fl\u0131k Sigortas\u0131<\/h2>\t\t\t\t<\/div>\n\t\t\t\t<\/div>\n\t\t\t\t<\/div>\n\t\t\t\t<\/div>\n\t\t<div class=\"elementor-element elementor-element-7de7787 e-flex e-con-boxed e-con e-parent\" data-id=\"7de7787\" data-element_type=\"container\" data-e-type=\"container\">\n\t\t\t\t\t<div class=\"e-con-inner\">\n\t\t<div class=\"elementor-element elementor-element-9ce2f56 e-con-full e-flex e-con e-child\" data-id=\"9ce2f56\" data-element_type=\"container\" data-e-type=\"container\">\n\t\t\t\t<div class=\"elementor-element elementor-element-afec949 elementor-widget elementor-widget-sidebar\" data-id=\"afec949\" data-element_type=\"widget\" data-e-type=\"widget\" data-widget_type=\"sidebar.default\">\n\t\t\t\t<div class=\"elementor-widget-container\">\n\t\t\t\t\t<section id=\"block-12\" class=\"widget widget_block widget_text\">\n<p><strong>Hizmetlerimiz<\/strong><br><a href=\"https:\/\/albinasigorta.com.tr\/?page_id=224\">Trafik Sigortas\u0131<\/a><br><a href=\"https:\/\/albinasigorta.com.tr\/?page_id=239\">Kasko Sigortas\u0131<\/a><br><a href=\"https:\/\/albinasigorta.com.tr\/?page_id=244\">Tamamlay\u0131c\u0131 Sa\u011fl\u0131k Sigortas\u0131<\/a><br><a href=\"https:\/\/albinasigorta.com.tr\/?page_id=249\">Dask (Deprem) Sigortas\u0131<\/a><br><a href=\"https:\/\/albinasigorta.com.tr\/?page_id=254\">Konut Sigortas\u0131<\/a><br><a href=\"https:\/\/albinasigorta.com.tr\/?page_id=259\">\u0130\u015fyeri Sigortas\u0131<\/a><br><a href=\"https:\/\/albinasigorta.com.tr\/?page_id=264\">Ferdi Kaza Sigortas\u0131<\/a><br><a href=\"https:\/\/albinasigorta.com.tr\/?page_id=269\">Seyahat Sa\u011fl\u0131k Sigortas\u0131<\/a><br><a href=\"https:\/\/albinasigorta.com.tr\/?page_id=274\">Bireysel Emeklilik<\/a><\/p>\n<\/section>\t\t\t\t<\/div>\n\t\t\t\t<\/div>\n\t\t\t\t<\/div>\n\t\t<div class=\"elementor-element elementor-element-ce5b785 e-con-full e-flex e-con e-child\" data-id=\"ce5b785\" data-element_type=\"container\" data-e-type=\"container\">\n\t\t\t\t<div class=\"elementor-element elementor-element-cafe346 elementor-widget elementor-widget-heading\" data-id=\"cafe346\" data-element_type=\"widget\" data-e-type=\"widget\" data-widget_type=\"heading.default\">\n\t\t\t\t<div class=\"elementor-widget-container\">\n\t\t\t\t\t<h2 class=\"elementor-heading-title elementor-size-default\">Sa\u011fl\u0131kl\u0131 Tatiller<\/h2>\t\t\t\t<\/div>\n\t\t\t\t<\/div>\n\t\t\t\t<div class=\"elementor-element elementor-element-8432061 elementor-widget elementor-widget-text-editor\" data-id=\"8432061\" data-element_type=\"widget\" data-e-type=\"widget\" data-widget_type=\"text-editor.default\">\n\t\t\t\t<div class=\"elementor-widget-container\">\n\t\t\t\t\t\t\t\t\t<p>Seyahat sigortas\u0131 yurt i\u00e7i ve yurt d\u0131\u015f\u0131 seyahatlerinde ki\u015filerin kar\u015f\u0131la\u015fabilecekleri hastal\u0131klar, kazalar ve valiz kayb\u0131 gibi durumlarda ki\u015filere g\u00fcvence sa\u011flayan bir sigorta t\u00fcr\u00fcd\u00fcr. Seyahat sigortas\u0131, Schengen vizesi isteyen \u00fclkeler taraf\u0131ndan T\u00fcrkiye Cumhuriyeti vatanda\u015flar\u0131na zorunlu tutulan bir sigorta oldu\u011fu i\u00e7in, \u201cSchengen vizesi i\u00e7in seyahat sa\u011fl\u0131k sigortas\u0131\u201d olarak bilinmektedir. Bunun nedeni seyahat sa\u011fl\u0131k sigortas\u0131n\u0131n Almanya, \u0130talya ve \u0130spanya gibi Avrupa \u00fclkeleri i\u00e7in vize i\u015flemlerinin bir \u00f6n ko\u015fulu olmas\u0131d\u0131r. Seyahat sigortas\u0131 sat\u0131n alma i\u015fleminden \u00f6nce sa\u011fl\u0131k sigortas\u0131 poli\u00e7esi ba\u015flang\u0131\u00e7 ile biti\u015f tarihlerine, seyahat edecek ki\u015fi say\u0131s\u0131na ve seyahat edilecek olan \u00fclkenin vize \u015fartlar\u0131na uygunluk durumuna dikkat edilmesi gerekmektedir.<\/p>\t\t\t\t\t\t\t\t<\/div>\n\t\t\t\t<\/div>\n\t\t\t\t<div class=\"elementor-element elementor-element-789659c elementor-widget elementor-widget-heading\" data-id=\"789659c\" data-element_type=\"widget\" data-e-type=\"widget\" data-widget_type=\"heading.default\">\n\t\t\t\t<div class=\"elementor-widget-container\">\n\t\t\t\t\t<h4 class=\"elementor-heading-title elementor-size-default\">Seyahat Sa\u011fl\u0131k Teklifi i\u00e7in l\u00fctfen formu doldurunuz...\n<\/h4>\t\t\t\t<\/div>\n\t\t\t\t<\/div>\n\t\t<div class=\"elementor-element elementor-element-c13f9ea e-con-full e-flex e-con e-child\" data-id=\"c13f9ea\" data-element_type=\"container\" data-e-type=\"container\">\n\t\t\t\t<div class=\"elementor-element elementor-element-a45e7aa elementor-widget elementor-widget-shortcode\" data-id=\"a45e7aa\" data-element_type=\"widget\" data-e-type=\"widget\" data-widget_type=\"shortcode.default\">\n\t\t\t\t<div class=\"elementor-widget-container\">\n\t\t\t\t\t\t\t<div class=\"elementor-shortcode\">\n<div class=\"wpcf7 no-js\" id=\"wpcf7-f221-o1\" lang=\"tr-TR\" dir=\"ltr\" data-wpcf7-id=\"221\">\n<div class=\"screen-reader-response\"><p role=\"status\" aria-live=\"polite\" aria-atomic=\"true\"><\/p> <ul><\/ul><\/div>\n<form action=\"\/index.php?rest_route=%2Fwp%2Fv2%2Fpages%2F269#wpcf7-f221-o1\" method=\"post\" class=\"wpcf7-form init\" aria-label=\"\u0130leti\u015fim Formu\" novalidate=\"novalidate\" data-status=\"init\">\n<fieldset class=\"hidden-fields-container\"><input type=\"hidden\" name=\"_wpcf7\" value=\"221\" \/><input type=\"hidden\" name=\"_wpcf7_version\" value=\"6.1.6\" \/><input type=\"hidden\" name=\"_wpcf7_locale\" value=\"tr_TR\" \/><input type=\"hidden\" name=\"_wpcf7_unit_tag\" value=\"wpcf7-f221-o1\" \/><input type=\"hidden\" name=\"_wpcf7_container_post\" value=\"0\" \/><input type=\"hidden\" name=\"_wpcf7_posted_data_hash\" value=\"\" \/><input type=\"hidden\" name=\"_wpcf7_recaptcha_response\" value=\"\" \/>\n<\/fieldset>\n<p><span class=\"wpcf7-form-control-wrap\" data-name=\"your-name\"><input size=\"40\" maxlength=\"400\" class=\"wpcf7-form-control wpcf7-text wpcf7-validates-as-required\" autocomplete=\"name\" aria-required=\"true\" aria-invalid=\"false\" placeholder=\"Ad\u0131n\u0131z Soyad\u0131n\u0131z *\" value=\"\" type=\"text\" name=\"your-name\" \/><\/span>\n<\/p>\n<p><span class=\"wpcf7-form-control-wrap\" data-name=\"tel-808\"><input size=\"40\" maxlength=\"400\" class=\"wpcf7-form-control wpcf7-tel wpcf7-validates-as-required wpcf7-text wpcf7-validates-as-tel\" aria-required=\"true\" aria-invalid=\"false\" placeholder=\"Telefon Numaras\u0131 *\" value=\"\" type=\"tel\" name=\"tel-808\" \/><\/span>\n<\/p>\n<p><span class=\"wpcf7-form-control-wrap\" data-name=\"your-email\"><input size=\"40\" maxlength=\"400\" class=\"wpcf7-form-control wpcf7-email wpcf7-validates-as-required wpcf7-text wpcf7-validates-as-email\" autocomplete=\"email\" aria-required=\"true\" aria-invalid=\"false\" placeholder=\"E-Posta Adresiniz *\" value=\"\" type=\"email\" name=\"your-email\" \/><\/span>\n<\/p>\n<p><span class=\"wpcf7-form-control-wrap\" data-name=\"your-tckimlik\"><input size=\"40\" maxlength=\"400\" class=\"wpcf7-form-control wpcf7-text wpcf7-validates-as-required\" autocomplete=\"name\" aria-required=\"true\" aria-invalid=\"false\" placeholder=\"T.C. Kimlik No *\" value=\"\" type=\"text\" name=\"your-tckimlik\" \/><\/span>\n<\/p>\n<p><span class=\"wpcf7-form-control-wrap\" data-name=\"textarea-355\"><textarea cols=\"40\" rows=\"10\" maxlength=\"2000\" class=\"wpcf7-form-control wpcf7-textarea wpcf7-validates-as-required\" aria-required=\"true\" aria-invalid=\"false\" placeholder=\"Adres\" name=\"textarea-355\"><\/textarea><\/span>\n<\/p>\n<p><span class=\"wpcf7-form-control-wrap\" data-name=\"number-620\"><input class=\"wpcf7-form-control wpcf7-number wpcf7-validates-as-required wpcf7-validates-as-number\" aria-required=\"true\" aria-invalid=\"false\" placeholder=\"E\u015fya Tahmini De\u011feri\" value=\"\" type=\"number\" name=\"number-620\" \/><\/span>\n<\/p>\n<p><span class=\"wpcf7-form-control-wrap\" data-name=\"number-621\"><input class=\"wpcf7-form-control wpcf7-number wpcf7-validates-as-required wpcf7-validates-as-number\" aria-required=\"true\" aria-invalid=\"false\" placeholder=\"Bina Tahmini De\u011feri\" value=\"\" type=\"number\" name=\"number-621\" \/><\/span>\n<\/p>\n<p><span class=\"wpcf7-form-control-wrap\" data-name=\"acceptance-107\"><span class=\"wpcf7-form-control wpcf7-acceptance\"><span class=\"wpcf7-list-item\"><label><input type=\"checkbox\" name=\"acceptance-107\" value=\"1\" aria-invalid=\"false\" \/><span class=\"wpcf7-list-item-label\">Bu formu doldururken <a href=\"https:\/\/albinasigorta.com.tr\/wp\/?page_id=189\" target=\"_blank\" >KVKK<\/a><font color=\"Black\"> okudu\u011fumu ve <\/font><a href=\"https:\/\/albinasigorta.com.tr\/wp\/?page_id=194\" target=\"_blank\" >\u00c7erez Politikas\u0131<\/a><font color=\"Black\">' n\u0131 kabul etti\u011fimi onayl\u0131yorum.<\/font><\/span><\/label><\/span><\/span><\/span>\n<\/p>\n<p>\n<span class=\"wpcf7-form-control-wrap recaptcha\" data-name=\"recaptcha\"><span data-sitekey=\"6LeJRcwpAAAAAN9QrGnbL6ULb-zz8xcopdMcg46I\" class=\"wpcf7-form-control wpcf7-recaptcha g-recaptcha\"><\/span>\r\n<noscript>\r\n\t<div class=\"grecaptcha-noscript\">\r\n\t\t<iframe src=\"https:\/\/www.google.com\/recaptcha\/api\/fallback?k=6LeJRcwpAAAAAN9QrGnbL6ULb-zz8xcopdMcg46I\" frameborder=\"0\" scrolling=\"no\" width=\"310\" height=\"430\">\r\n\t\t<\/iframe>\r\n\t\t<textarea name=\"g-recaptcha-response\" rows=\"3\" cols=\"40\" placeholder=\"reCaptcha Response Here\">\r\n\t\t<\/textarea>\r\n\t<\/div>\r\n<\/noscript>\r\n<\/span>\n<\/p>\n<p><input class=\"wpcf7-form-control wpcf7-submit has-spinner\" type=\"submit\" value=\"G\u00f6nder\" \/>\n<\/p><div class=\"wpcf7-response-output\" aria-hidden=\"true\"><\/div>\n<\/form>\n<\/div>\n<\/div>\n\t\t\t\t\t\t<\/div>\n\t\t\t\t<\/div>\n\t\t\t\t<\/div>\n\t\t\t\t<\/div>\n\t\t\t\t\t<\/div>\n\t\t\t\t<\/div>\n\t\t\t\t<\/div>\n\t\t","protected":false},"excerpt":{"rendered":"<p>Seyahat Sa\u011fl\u0131k Sigortas\u0131 Sa\u011fl\u0131kl\u0131 Tatiller Seyahat sigortas\u0131 yurt i\u00e7i ve yurt d\u0131\u015f\u0131 seyahatlerinde ki\u015filerin kar\u015f\u0131la\u015fabilecekleri hastal\u0131klar, kazalar ve valiz kayb\u0131 gibi durumlarda ki\u015filere g\u00fcvence sa\u011flayan bir sigorta t\u00fcr\u00fcd\u00fcr. Seyahat sigortas\u0131, Schengen vizesi isteyen \u00fclkeler taraf\u0131ndan T\u00fcrkiye Cumhuriyeti vatanda\u015flar\u0131na zorunlu tutulan bir sigorta oldu\u011fu i\u00e7in, \u201cSchengen vizesi i\u00e7in seyahat sa\u011fl\u0131k sigortas\u0131\u201d olarak bilinmektedir. Bunun nedeni seyahat&#8230;<\/p>\n","protected":false},"author":1,"featured_media":0,"parent":0,"menu_order":0,"comment_status":"closed","ping_status":"closed","template":"","meta":{"_kad_post_transparent":"","_kad_post_title":"hide","_kad_post_layout":"fullwidth","_kad_post_sidebar_id":"","_kad_post_content_style":"unboxed","_kad_post_vertical_padding":"hide","_kad_post_feature":"hide","_kad_post_feature_position":"","_kad_post_header":false,"_kad_post_footer":false,"_kad_post_classname":"","_joinchat":[],"footnotes":""},"class_list":["post-269","page","type-page","status-publish","hentry"],"_links":{"self":[{"href":"https:\/\/albinasigorta.com.tr\/index.php?rest_route=\/wp\/v2\/pages\/269","targetHints":{"allow":["GET"]}}],"collection":[{"href":"https:\/\/albinasigorta.com.tr\/index.php?rest_route=\/wp\/v2\/pages"}],"about":[{"href":"https:\/\/albinasigorta.com.tr\/index.php?rest_route=\/wp\/v2\/types\/page"}],"author":[{"embeddable":true,"href":"https:\/\/albinasigorta.com.tr\/index.php?rest_route=\/wp\/v2\/users\/1"}],"replies":[{"embeddable":true,"href":"https:\/\/albinasigorta.com.tr\/index.php?rest_route=%2Fwp%2Fv2%2Fcomments&post=269"}],"version-history":[{"count":7,"href":"https:\/\/albinasigorta.com.tr\/index.php?rest_route=\/wp\/v2\/pages\/269\/revisions"}],"predecessor-version":[{"id":374,"href":"https:\/\/albinasigorta.com.tr\/index.php?rest_route=\/wp\/v2\/pages\/269\/revisions\/374"}],"wp:attachment":[{"href":"https:\/\/albinasigorta.com.tr\/index.php?rest_route=%2Fwp%2Fv2%2Fmedia&parent=269"}],"curies":[{"name":"wp","href":"https:\/\/api.w.org\/{rel}","templated":true}]}}